{"id":3,"date":"2023-05-14T13:20:45","date_gmt":"2023-05-14T10:20:45","guid":{"rendered":"https:\/\/www.allforfun.ro\/?page_id=3"},"modified":"2025-03-12T22:54:04","modified_gmt":"2025-03-12T20:54:04","slug":"confidentialitate-gdpr","status":"publish","type":"page","link":"https:\/\/www.allforfun.ro\/?page_id=3","title":{"rendered":"Politica de confiden\u021bialitate \u0219i GDPR"},"content":{"rendered":"<div class=\"vgblk-rw-wrapper limit-wrapper\">\n\n\t<h1 data-start=\"186\" data-end=\"228\"><strong data-start=\"188\" data-end=\"228\">Politic\u0103 de Confiden\u021bialitate &#8211; GDPR<\/strong><\/h1>\n<h2 data-start=\"230\" data-end=\"251\"><strong data-start=\"233\" data-end=\"251\">1. Introducere<\/strong><\/h2>\nAceast\u0103 politic\u0103 de confiden\u021bialitate descrie modul \u00een care\u00a0<a href=\"http:\/\/www.allforfun.ro\/\" target=\"_new\" rel=\"noopener\" data-start=\"313\" data-end=\"329\">www.allforfun.ro<\/a>\u00a0colecteaz\u0103, utilizeaz\u0103 \u0219i protejeaz\u0103 datele cu caracter personal ale utilizatorilor s\u0103i, \u00een conformitate cu Regulamentul General privind Protec\u021bia Datelor (GDPR &#8211; Regulamentul UE 2016\/679).\n<h2 data-start=\"521\" data-end=\"548\"><strong data-start=\"524\" data-end=\"548\">2. Ce date colect\u0103m?<\/strong><\/h2>\nPe site-ul nostru, colect\u0103m urm\u0103toarele tipuri de date personale:\n<ul data-start=\"617\" data-end=\"846\">\n<li data-start=\"617\" data-end=\"658\"><strong data-start=\"619\" data-end=\"643\">Date de identificare<\/strong>: nume, prenume<\/li>\n<li data-start=\"659\" data-end=\"716\"><strong data-start=\"661\" data-end=\"680\">Date de contact<\/strong>: adres\u0103 de e-mail, num\u0103r de telefon<\/li>\n<li data-start=\"717\" data-end=\"776\"><strong data-start=\"719\" data-end=\"744\">Date pentru facturare<\/strong>: adres\u0103 complet\u0103, date de plat\u0103<\/li>\n<li data-start=\"777\" data-end=\"846\"><strong data-start=\"779\" data-end=\"795\">Date tehnice<\/strong>: adres\u0103 IP, cookie-uri, tip de dispozitiv utilizat<\/li>\n<\/ul>\n<h2 data-start=\"848\" data-end=\"878\"><strong data-start=\"851\" data-end=\"878\">3. Cum colect\u0103m datele?<\/strong><\/h2>\nDatele sunt colectate \u00een urm\u0103toarele moduri:\n<ul data-start=\"926\" data-end=\"1047\">\n<li data-start=\"926\" data-end=\"969\">Prin formularele de contact sau rezervare<\/li>\n<li data-start=\"970\" data-end=\"1006\">Prin plasarea unei comenzi pe site<\/li>\n<li data-start=\"1007\" data-end=\"1047\">Prin cookie-uri \u0219i tehnologii similare<\/li>\n<\/ul>\n<h2 data-start=\"1049\" data-end=\"1085\"><strong data-start=\"1052\" data-end=\"1085\">4. Scopul prelucr\u0103rii datelor<\/strong><\/h2>\nDatele personale sunt utilizate pentru:\n<ul data-start=\"1128\" data-end=\"1380\">\n<li data-start=\"1128\" data-end=\"1184\">Gestionarea rezerv\u0103rilor \u0219i contractelor de \u00eenchiriere<\/li>\n<li data-start=\"1185\" data-end=\"1219\">Facturare \u0219i procesarea pl\u0103\u021bilor<\/li>\n<li data-start=\"1220\" data-end=\"1277\">Comunicarea cu clien\u021bii pentru confirm\u0103ri sau asisten\u021b\u0103<\/li>\n<li data-start=\"1278\" data-end=\"1322\">Respectarea obliga\u021biilor legale \u0219i fiscale<\/li>\n<li data-start=\"1323\" data-end=\"1380\">\u00cembun\u0103t\u0103\u021birea experien\u021bei de navigare pe site-ul nostru<\/li>\n<\/ul>\n<h2 data-start=\"1382\" data-end=\"1434\"><strong data-start=\"1385\" data-end=\"1434\">5. Temeiul juridic pentru prelucrarea datelor<\/strong><\/h2>\nPrelucr\u0103m datele dumneavoastr\u0103 personale \u00een baza urm\u0103toarelor temeiuri legale:\n<ul data-start=\"1516\" data-end=\"1758\">\n<li data-start=\"1516\" data-end=\"1589\"><strong data-start=\"1518\" data-end=\"1546\">Executarea unui contract<\/strong>: pentru a v\u0103 furniza serviciile solicitate<\/li>\n<li data-start=\"1590\" data-end=\"1661\"><strong data-start=\"1592\" data-end=\"1612\">Obliga\u021bie legal\u0103<\/strong>: pentru a respecta obliga\u021biile legale \u0219i fiscale<\/li>\n<li data-start=\"1662\" data-end=\"1758\"><strong data-start=\"1664\" data-end=\"1683\">Interes legitim<\/strong>: pentru a \u00eembun\u0103t\u0103\u021bi serviciile noastre \u0219i a asigura securitatea site-ului<\/li>\n<\/ul>\n<h2 data-start=\"1760\" data-end=\"1790\"><strong data-start=\"1763\" data-end=\"1790\">6. Destinatarii datelor<\/strong><\/h2>\nDatele dumneavoastr\u0103 personale pot fi partajate cu:\n<ul data-start=\"1845\" data-end=\"2067\">\n<li data-start=\"1845\" data-end=\"1917\"><strong data-start=\"1847\" data-end=\"1875\">Furnizori de servicii IT<\/strong>: pentru g\u0103zduirea \u0219i mentenan\u021ba site-ului<\/li>\n<li data-start=\"1918\" data-end=\"1988\"><strong data-start=\"1920\" data-end=\"1944\">Procesatori de pl\u0103\u021bi<\/strong>: pentru procesarea tranzac\u021biilor financiare<\/li>\n<li data-start=\"1989\" data-end=\"2067\"><strong data-start=\"1991\" data-end=\"2013\">Autorit\u0103\u021bi publice<\/strong>: atunci c\u00e2nd este necesar pentru conformitatea legal\u0103<\/li>\n<\/ul>\nNe asigur\u0103m c\u0103 to\u021bi partenerii no\u0219tri respect\u0103 standardele de protec\u021bie a datelor impuse de GDPR.\n<h2 data-start=\"2168\" data-end=\"2194\"><strong data-start=\"2171\" data-end=\"2194\">7. Stocarea datelor<\/strong><\/h2>\nDatele personale sunt stocate pe servere securizate \u0219i sunt p\u0103strate doar at\u00e2t timp c\u00e2t este necesar pentru scopurile men\u021bionate sau conform cerin\u021belor legale.\n<h2 data-start=\"2357\" data-end=\"2392\"><strong data-start=\"2360\" data-end=\"2392\">8. Drepturile utilizatorilor<\/strong><\/h2>\nConform GDPR, ave\u021bi urm\u0103toarele drepturi:\n<ul data-start=\"2437\" data-end=\"3022\">\n<li data-start=\"2437\" data-end=\"2516\"><strong data-start=\"2439\" data-end=\"2459\">Dreptul de acces<\/strong>: s\u0103 \u0219ti\u021bi ce date personale de\u021binem despre dumneavoastr\u0103<\/li>\n<li data-start=\"2517\" data-end=\"2588\"><strong data-start=\"2519\" data-end=\"2545\">Dreptul la rectificare<\/strong>: s\u0103 solicita\u021bi corectarea datelor inexacte<\/li>\n<li data-start=\"2589\" data-end=\"2671\"><strong data-start=\"2591\" data-end=\"2614\">Dreptul la \u0219tergere<\/strong>: s\u0103 solicita\u021bi \u0219tergerea datelor \u00een anumite circumstan\u021be<\/li>\n<li data-start=\"2672\" data-end=\"2777\"><strong data-start=\"2674\" data-end=\"2716\">Dreptul la restric\u021bionarea prelucr\u0103rii<\/strong>: s\u0103 solicita\u021bi limitarea modului \u00een care v\u0103 prelucr\u0103m datele<\/li>\n<li data-start=\"2778\" data-end=\"2898\"><strong data-start=\"2780\" data-end=\"2817\">Dreptul la portabilitatea datelor<\/strong>: s\u0103 primi\u021bi datele \u00eentr-un format structurat \u0219i s\u0103 le transmite\u021bi altui operator<\/li>\n<li data-start=\"2899\" data-end=\"3022\"><strong data-start=\"2901\" data-end=\"2924\">Dreptul de opozi\u021bie<\/strong>: s\u0103 v\u0103 opune\u021bi prelucr\u0103rii datelor \u00een scopuri de marketing sau pe baza interesului nostru legitim<\/li>\n<\/ul>\nPentru a v\u0103 exercita aceste drepturi, ne pute\u021bi contacta la datele de contact men\u021bionate mai jos.\n<h2 data-start=\"3123\" data-end=\"3152\"><strong data-start=\"3126\" data-end=\"3152\">9. Securitatea datelor<\/strong><\/h2>\nImplement\u0103m m\u0103suri tehnice \u0219i organizatorice adecvate pentru a proteja datele dumneavoastr\u0103 personale \u00eempotriva pierderii, accesului neautorizat sau utiliz\u0103rii abuzive. Aceste m\u0103suri includ:\n<ul data-start=\"3346\" data-end=\"3793\">\n<li data-start=\"3346\" data-end=\"3466\"><strong data-start=\"3348\" data-end=\"3369\">Politici dedicate<\/strong>: adopt\u0103m \u0219i revizuim constant practicile \u0219i politicile interne de prelucrare a datelor personale<\/li>\n<li data-start=\"3467\" data-end=\"3566\"><strong data-start=\"3469\" data-end=\"3492\">Minimizarea datelor<\/strong>: ne asigur\u0103m c\u0103 prelucr\u0103m doar datele necesare pentru scopurile declarate<\/li>\n<li data-start=\"3567\" data-end=\"3670\"><strong data-start=\"3569\" data-end=\"3603\">Restr\u00e2ngerea accesului la date<\/strong>: limit\u0103m accesul la datele personale doar la persoanele autorizate<\/li>\n<li data-start=\"3671\" data-end=\"3793\"><strong data-start=\"3673\" data-end=\"3701\">M\u0103suri tehnice specifice<\/strong>: utiliz\u0103m tehnologii de securitate \u0219i efectu\u0103m backup-uri periodice pentru a proteja datele<\/li>\n<\/ul>\n<h2 data-start=\"3795\" data-end=\"3839\"><strong data-start=\"3798\" data-end=\"3839\">10. Cookie-uri \u0219i tehnologii similare<\/strong><\/h2>\nUtiliz\u0103m cookie-uri pentru a personaliza experien\u021ba dumneavoastr\u0103 pe site-ul nostru. Cookie-urile sunt fi\u0219iere mici stocate pe dispozitivul dumneavoastr\u0103 \u0219i sunt folosite pentru a re\u021bine preferin\u021bele de navigare. Pute\u021bi controla utilizarea cookie-urilor din set\u0103rile browser-ului.\n<h2 data-start=\"4123\" data-end=\"4179\"><strong data-start=\"4126\" data-end=\"4179\">11. Modific\u0103ri ale politicii de confiden\u021bialitate<\/strong><\/h2>\nNe rezerv\u0103m dreptul de a modifica aceast\u0103 politic\u0103 de confiden\u021bialitate. Orice modific\u0103ri vor fi afi\u0219ate pe aceast\u0103 pagin\u0103, iar utilizatorii vor fi notifica\u021bi, dac\u0103 este necesar.\n<h2 data-start=\"4361\" data-end=\"4379\"><strong data-start=\"4364\" data-end=\"4379\">12. Contact<\/strong><\/h2>\nPentru orice \u00eentreb\u0103ri legate de protec\u021bia datelor sau pentru a v\u0103 exercita drepturile, ne pute\u021bi contacta la:\n<ul data-start=\"4493\" data-end=\"4556\">\n<li data-start=\"4493\" data-end=\"4526\"><strong data-start=\"4495\" data-end=\"4504\">Email<\/strong>:\u00a0<a rel=\"noopener\" data-start=\"4506\" data-end=\"4526\">contact@allforfun.ro<\/a><\/li>\n<li data-start=\"4527\" data-end=\"4556\"><strong data-start=\"4529\" data-end=\"4539\">Adres\u0103<\/strong>: sat Valea Stejarului, comuna Vadu Izei, Nr. 681, jud. Maramure\u0219<\/li>\n<\/ul>\n\n<\/div><!-- .vgblk-rw-wrapper -->","protected":false},"excerpt":{"rendered":"<p>Politic\u0103 de Confiden\u021bialitate &#8211; GDPR 1. Introducere Aceast\u0103 politic\u0103 de confiden\u021bialitate descrie modul \u00een care\u00a0www.allforfun.ro\u00a0colecteaz\u0103, utilizeaz\u0103 \u0219i protejeaz\u0103 datele cu caracter personal ale utilizatorilor s\u0103i, \u00een conformitate cu Regulamentul General&#8230;<\/p>\n","protected":false},"author":1,"featured_media":0,"parent":0,"menu_order":0,"comment_status":"closed","ping_status":"closed","template":"","meta":{"inline_featured_image":false,"footnotes":""},"class_list":["post-3","page","type-page","status-publish","hentry"],"_links":{"self":[{"href":"https:\/\/www.allforfun.ro\/index.php?rest_route=\/wp\/v2\/pages\/3","targetHints":{"allow":["GET"]}}],"collection":[{"href":"https:\/\/www.allforfun.ro\/index.php?rest_route=\/wp\/v2\/pages"}],"about":[{"href":"https:\/\/www.allforfun.ro\/index.php?rest_route=\/wp\/v2\/types\/page"}],"author":[{"embeddable":true,"href":"https:\/\/www.allforfun.ro\/index.php?rest_route=\/wp\/v2\/users\/1"}],"replies":[{"embeddable":true,"href":"https:\/\/www.allforfun.ro\/index.php?rest_route=%2Fwp%2Fv2%2Fcomments&post=3"}],"version-history":[{"count":5,"href":"https:\/\/www.allforfun.ro\/index.php?rest_route=\/wp\/v2\/pages\/3\/revisions"}],"predecessor-version":[{"id":988205,"href":"https:\/\/www.allforfun.ro\/index.php?rest_route=\/wp\/v2\/pages\/3\/revisions\/988205"}],"wp:attachment":[{"href":"https:\/\/www.allforfun.ro\/index.php?rest_route=%2Fwp%2Fv2%2Fmedia&parent=3"}],"curies":[{"name":"wp","href":"https:\/\/api.w.org\/{rel}","templated":true}]}}