{"id":16885,"date":"2018-05-20T09:09:24","date_gmt":"2018-05-20T09:09:24","guid":{"rendered":"https:\/\/komo.vamtam.com\/?page_id=16885"},"modified":"2025-03-12T22:58:19","modified_gmt":"2025-03-12T20:58:19","slug":"despre-noi","status":"publish","type":"page","link":"https:\/\/www.allforfun.ro\/?page_id=16885","title":{"rendered":"Despre Noi"},"content":{"rendered":"<div class=\"vgblk-rw-wrapper limit-wrapper\">\n<h2>\n\tDa, mergi cu noi \u00een aventur\u0103 !\n\t<\/h2>\n\t<p>Cu o flot\u0103 numeroas\u0103 de biciclete, oferim un pachet de \u00eenchiriere all inclusive care ofer\u0103 o hart\u0103, casc\u0103, \u00eencuietoare \u0219i chiar un loc de depozitare f\u0103r\u0103 costuri suplimentare. V\u0103 putem recomanda bicicleta perfect\u0103, deoarece avem toate dimensiunile \u0219i tipurile de biciclete. A\u0219adar, indiferent dac\u0103 dori\u021bi s\u0103 cuceri\u021bi muntele pe o biciclet\u0103 sau s\u0103 v\u0103 bucura\u021bi de o plimbare pe \u00eendelete pe o biciclet\u0103 confortabil\u0103 sau tandem, le pute\u021bi g\u0103si pe toate aici !<\/p>\n\t\t\t\t\t\t\t<img loading=\"lazy\" decoding=\"async\" src=\"https:\/\/www.allforfun.ro\/wp-content\/uploads\/2018\/08\/illustration-bike-man-2.svg\" alt=\"illustration-bike-man-2\" itemprop=\"image\" height=\"175\" width=\"180\" title=\"illustration-bike-man-2\" onerror=\"this.style.display='none'\" \/>\t\t\t\t\t\t\t\n<h2>\n\tCheck-in rapid !\n\t<\/h2>\n\t<h4>Ai doar o or\u0103 sau dou\u0103? Nici o problem\u0103. Face\u021bi o scurt\u0103 plimbare cu bicicleta timp de o or\u0103. Ai tot timpul din lume ? \u00cenchiriaz\u0103 pentru o zi \u00eentreag\u0103 \u0219i exploreaz\u0103 Maramure\u0219ul dup\u0103 bunul plac.<\/h4>\n\t<a href=\"\/inchirieri\/\" target=\"_self\" role=\"button\">\n\t\t\t\t\t\u00cenchiriaz\u0103 \n\t<\/a>\n\t\t\t\t\t\t\t<img loading=\"lazy\" decoding=\"async\" src=\"https:\/\/www.allforfun.ro\/wp-content\/uploads\/2018\/08\/illustration-bike-duo.svg\" alt=\"illustration-bike-duo\" itemprop=\"image\" height=\"174\" width=\"329\" title=\"illustration-bike-duo\" onerror=\"this.style.display='none'\" \/>\t\t\t\t\t\t\t\n<h2>\n\tEconomise\u0219te la grupuri\n\t<\/h2>\n\t<h4>Vino cu ga\u0219ca sau familia \u0219i beneficiaz\u0103 de avantaje la \u00eenchiriere. Apas\u0103 butonul de mai jos.<\/h4>\n\t<a href=\"https:\/\/www.allforfun.ro\/pachete-oferte\/\" target=\"_self\" role=\"button\">\n\t\t\t\t\tExploreaz\u0103 op\u021biunile\n\t<\/a>\n<h2>\n\tVino cu prietenii, <br \/>f\u0103-\u021bi al\u021bii noi !\n\t<\/h2>\n\t<h4>Face\u021bi un tur cu un grup \u0219i un ghid. Op\u021biunile sunt disponibile la sec\u021biunea <a href=\"\/trasee\/\">trasee<\/a>.<\/h4>\n\t<a href=\"\/inchirieri\/\" target=\"_self\" role=\"button\">\n\t\t\t\t\tRezerv\u0103\n\t<\/a>\n<h2>\n\tSuntem aici pentru tine !\n\t<\/h2>\n\t<p>Suntem deschi\u0219i aproape tot anul, astfel \u00eenc\u00e2t s\u0103 pute\u021bi \u00eenchiria bicicletele sau s\u0103 le returna\u021bi la ora care v\u0103 este cel mai convenabil. De asemenea, v\u0103 putem livra bicicletele la toate unit\u0103\u021bile de cazare din zon\u0103.<\/p>\n<h5>\n\tAll For Fun\n\t<\/h5>\n\t<p>Punct de lucru: str. Ilie Laz\u0103r, Nr. 21, Ocna \u0218ugatag, jud. Maramure\u0219, 437205<\/p>\n\t<p><strong>S.C. ALL FOR FUN EXPERIENCE S.R.L.<\/strong><\/p>\n<p>sediu social: sat Valea Stejarului, com. Vadu Izei, Nr. 681, jud. Maramure\u0219, 437366<\/p>\n<p>C.U.I. 45009614 | J24\/1665\/2021<\/p>\n\t\t<iframe src=\"https:\/\/maps.google.com\/maps?q=21+ilie+lazar+ocna+sugatag&#038;iwloc=near&#038;output=embed\" height=\"300\" frameborder=\"0\" loading=\"lazy\"><\/iframe>\n\n<\/div><!-- .vgblk-rw-wrapper -->","protected":false},"excerpt":{"rendered":"<p>Da, mergi cu noi \u00een aventur\u0103 ! Cu o flot\u0103 numeroas\u0103 de biciclete, oferim un pachet de \u00eenchiriere all inclusive care ofer\u0103 o hart\u0103, casc\u0103, \u00eencuietoare \u0219i chiar un loc&#8230;<\/p>\n","protected":false},"author":1,"featured_media":0,"parent":0,"menu_order":0,"comment_status":"closed","ping_status":"closed","template":"","meta":{"inline_featured_image":false,"footnotes":""},"class_list":["post-16885","page","type-page","status-publish","hentry"],"_links":{"self":[{"href":"https:\/\/www.allforfun.ro\/index.php?rest_route=\/wp\/v2\/pages\/16885","targetHints":{"allow":["GET"]}}],"collection":[{"href":"https:\/\/www.allforfun.ro\/index.php?rest_route=\/wp\/v2\/pages"}],"about":[{"href":"https:\/\/www.allforfun.ro\/index.php?rest_route=\/wp\/v2\/types\/page"}],"author":[{"embeddable":true,"href":"https:\/\/www.allforfun.ro\/index.php?rest_route=\/wp\/v2\/users\/1"}],"replies":[{"embeddable":true,"href":"https:\/\/www.allforfun.ro\/index.php?rest_route=%2Fwp%2Fv2%2Fcomments&post=16885"}],"version-history":[{"count":7,"href":"https:\/\/www.allforfun.ro\/index.php?rest_route=\/wp\/v2\/pages\/16885\/revisions"}],"predecessor-version":[{"id":988207,"href":"https:\/\/www.allforfun.ro\/index.php?rest_route=\/wp\/v2\/pages\/16885\/revisions\/988207"}],"wp:attachment":[{"href":"https:\/\/www.allforfun.ro\/index.php?rest_route=%2Fwp%2Fv2%2Fmedia&parent=16885"}],"curies":[{"name":"wp","href":"https:\/\/api.w.org\/{rel}","templated":true}]}}